{"id":978,"date":"2020-12-09T09:32:23","date_gmt":"2020-12-09T09:32:23","guid":{"rendered":"https:\/\/v2.ecoidees.com\/?page_id=978"},"modified":"2020-12-09T09:40:06","modified_gmt":"2020-12-09T09:40:06","slug":"elementor-978","status":"publish","type":"page","link":"https:\/\/v2.ecoidees.com\/index.php\/elementor-978\/","title":{"rendered":"Qui sommes-nous ?"},"content":{"rendered":"<h1>Pr\u00e9sentation un peu plus d\u00e9taill\u00e9e ici que sur la page d&rsquo;accueil<\/h1>\n<p><a href=\"https:\/\/v2.ecoidees.com\/index.php\/nos-valeurs\/\"><br \/>\n<img decoding=\"async\" width=\"1024\" height=\"648\" src=\"https:\/\/v2.ecoidees.com\/wp-content\/uploads\/2020\/12\/hands-4091879_1280-1024x648.jpg\" alt=\"\" loading=\"lazy\" srcset=\"https:\/\/v2.ecoidees.com\/wp-content\/uploads\/2020\/12\/hands-4091879_1280-1024x648.jpg 1024w, https:\/\/v2.ecoidees.com\/wp-content\/uploads\/2020\/12\/hands-4091879_1280-300x190.jpg 300w, https:\/\/v2.ecoidees.com\/wp-content\/uploads\/2020\/12\/hands-4091879_1280-768x486.jpg 768w, https:\/\/v2.ecoidees.com\/wp-content\/uploads\/2020\/12\/hands-4091879_1280.jpg 1280w\" sizes=\"(max-width: 1024px) 100vw, 1024px\">\t\t\t\t\t\t\t\t<\/a><\/p>\n<h2>Nos valeurs<\/h2>\n<p><a href=\"https:\/\/v2.ecoidees.com\/index.php\/lhistorique-decoidees\/\"><br \/>\n<img decoding=\"async\" width=\"1024\" height=\"768\" src=\"https:\/\/v2.ecoidees.com\/wp-content\/uploads\/2020\/12\/excavators-1174428_1280-1024x768.jpg\" alt=\"\" loading=\"lazy\" srcset=\"https:\/\/v2.ecoidees.com\/wp-content\/uploads\/2020\/12\/excavators-1174428_1280-1024x768.jpg 1024w, https:\/\/v2.ecoidees.com\/wp-content\/uploads\/2020\/12\/excavators-1174428_1280-300x225.jpg 300w, https:\/\/v2.ecoidees.com\/wp-content\/uploads\/2020\/12\/excavators-1174428_1280-768x576.jpg 768w, https:\/\/v2.ecoidees.com\/wp-content\/uploads\/2020\/12\/excavators-1174428_1280.jpg 1280w\" sizes=\"(max-width: 1024px) 100vw, 1024px\">\t\t\t\t\t\t\t\t<\/a><\/p>\n<h2>Historique<\/h2>\n<p><a href=\"https:\/\/v2.ecoidees.com\/index.php\/attestations-et-certificats\/\"><br \/>\n<img decoding=\"async\" width=\"1024\" height=\"548\" src=\"https:\/\/v2.ecoidees.com\/wp-content\/uploads\/2020\/12\/businessman-3075839_1280-1024x548.jpg\" alt=\"\" loading=\"lazy\" srcset=\"https:\/\/v2.ecoidees.com\/wp-content\/uploads\/2020\/12\/businessman-3075839_1280-1024x548.jpg 1024w, https:\/\/v2.ecoidees.com\/wp-content\/uploads\/2020\/12\/businessman-3075839_1280-300x161.jpg 300w, https:\/\/v2.ecoidees.com\/wp-content\/uploads\/2020\/12\/businessman-3075839_1280-768x411.jpg 768w, https:\/\/v2.ecoidees.com\/wp-content\/uploads\/2020\/12\/businessman-3075839_1280.jpg 1280w\" sizes=\"(max-width: 1024px) 100vw, 1024px\">\t\t\t\t\t\t\t\t<\/a><\/p>\n<h2>Attestations et certifications<\/h2>\n","protected":false},"excerpt":{"rendered":"<p>Pr\u00e9sentation un peu plus d\u00e9taill\u00e9e ici que sur la page d&rsquo;accueil Nos valeurs Historique Attestations et certifications<\/p>\n","protected":false},"author":1,"featured_media":0,"parent":0,"menu_order":0,"comment_status":"closed","ping_status":"closed","template":"","meta":{"ocean_post_layout":"","ocean_both_sidebars_style":"","ocean_both_sidebars_content_width":0,"ocean_both_sidebars_sidebars_width":0,"ocean_sidebar":"0","ocean_second_sidebar":"0","ocean_disable_margins":"enable","ocean_add_body_class":"","ocean_shortcode_before_top_bar":"","ocean_shortcode_after_top_bar":"","ocean_shortcode_before_header":"","ocean_shortcode_after_header":"","ocean_has_shortcode":"","ocean_shortcode_after_title":"","ocean_shortcode_before_footer_widgets":"","ocean_shortcode_after_footer_widgets":"","ocean_shortcode_before_footer_bottom":"","ocean_shortcode_after_footer_bottom":"","ocean_display_top_bar":"default","ocean_display_header":"default","ocean_header_style":"","ocean_center_header_left_menu":"0","ocean_custom_header_template":"0","ocean_custom_logo":0,"ocean_custom_retina_logo":0,"ocean_custom_logo_max_width":0,"ocean_custom_logo_tablet_max_width":0,"ocean_custom_logo_mobile_max_width":0,"ocean_custom_logo_max_height":0,"ocean_custom_logo_tablet_max_height":0,"ocean_custom_logo_mobile_max_height":0,"ocean_header_custom_menu":"0","ocean_menu_typo_font_family":"0","ocean_menu_typo_font_subset":"","ocean_menu_typo_font_size":0,"ocean_menu_typo_font_size_tablet":0,"ocean_menu_typo_font_size_mobile":0,"ocean_menu_typo_font_size_unit":"px","ocean_menu_typo_font_weight":"","ocean_menu_typo_font_weight_tablet":"","ocean_menu_typo_font_weight_mobile":"","ocean_menu_typo_transform":"","ocean_menu_typo_transform_tablet":"","ocean_menu_typo_transform_mobile":"","ocean_menu_typo_line_height":0,"ocean_menu_typo_line_height_tablet":0,"ocean_menu_typo_line_height_mobile":0,"ocean_menu_typo_line_height_unit":"","ocean_menu_typo_spacing":0,"ocean_menu_typo_spacing_tablet":0,"ocean_menu_typo_spacing_mobile":0,"ocean_menu_typo_spacing_unit":"","ocean_menu_link_color":"","ocean_menu_link_color_hover":"","ocean_menu_link_color_active":"","ocean_menu_link_background":"","ocean_menu_link_hover_background":"","ocean_menu_link_active_background":"","ocean_menu_social_links_bg":"","ocean_menu_social_hover_links_bg":"","ocean_menu_social_links_color":"","ocean_menu_social_hover_links_color":"","ocean_disable_title":"default","ocean_disable_heading":"default","ocean_post_title":"","ocean_post_subheading":"","ocean_post_title_style":"","ocean_post_title_background_color":"","ocean_post_title_background":0,"ocean_post_title_bg_image_position":"","ocean_post_title_bg_image_attachment":"","ocean_post_title_bg_image_repeat":"","ocean_post_title_bg_image_size":"","ocean_post_title_height":0,"ocean_post_title_bg_overlay":0.5,"ocean_post_title_bg_overlay_color":"","ocean_disable_breadcrumbs":"default","ocean_breadcrumbs_color":"","ocean_breadcrumbs_separator_color":"","ocean_breadcrumbs_links_color":"","ocean_breadcrumbs_links_hover_color":"","ocean_display_footer_widgets":"default","ocean_display_footer_bottom":"default","ocean_custom_footer_template":"0","footnotes":""},"_links":{"self":[{"href":"https:\/\/v2.ecoidees.com\/index.php\/wp-json\/wp\/v2\/pages\/978"}],"collection":[{"href":"https:\/\/v2.ecoidees.com\/index.php\/wp-json\/wp\/v2\/pages"}],"about":[{"href":"https:\/\/v2.ecoidees.com\/index.php\/wp-json\/wp\/v2\/types\/page"}],"author":[{"embeddable":true,"href":"https:\/\/v2.ecoidees.com\/index.php\/wp-json\/wp\/v2\/users\/1"}],"replies":[{"embeddable":true,"href":"https:\/\/v2.ecoidees.com\/index.php\/wp-json\/wp\/v2\/comments?post=978"}],"version-history":[{"count":8,"href":"https:\/\/v2.ecoidees.com\/index.php\/wp-json\/wp\/v2\/pages\/978\/revisions"}],"predecessor-version":[{"id":995,"href":"https:\/\/v2.ecoidees.com\/index.php\/wp-json\/wp\/v2\/pages\/978\/revisions\/995"}],"wp:attachment":[{"href":"https:\/\/v2.ecoidees.com\/index.php\/wp-json\/wp\/v2\/media?parent=978"}],"curies":[{"name":"wp","href":"https:\/\/api.w.org\/{rel}","templated":true}]}}