{"id":870,"date":"2020-12-01T09:45:37","date_gmt":"2020-12-01T09:45:37","guid":{"rendered":"https:\/\/v2.ecoidees.com\/?page_id=870"},"modified":"2021-01-26T11:05:03","modified_gmt":"2021-01-26T11:05:03","slug":"elementor-870","status":"publish","type":"page","link":"https:\/\/v2.ecoidees.com\/index.php\/elementor-870\/","title":{"rendered":"Jacquier Nature"},"content":{"rendered":"<p><a href=\"https:\/\/www.lemondeestbio.com\/jacquier-en-morceau-nature-bio-equitable-200g-c2x33683197\" target=\"_blank\" rel=\"noopener\"><br \/>\n\t\t\t\t\t\t\t<img decoding=\"async\" width=\"768\" height=\"803\" src=\"https:\/\/v2.ecoidees.com\/wp-content\/uploads\/2020\/12\/Jacquier-nature-768x803.jpg\" alt=\"\" loading=\"lazy\" srcset=\"https:\/\/v2.ecoidees.com\/wp-content\/uploads\/2020\/12\/Jacquier-nature-768x803.jpg 768w, https:\/\/v2.ecoidees.com\/wp-content\/uploads\/2020\/12\/Jacquier-nature-287x300.jpg 287w, https:\/\/v2.ecoidees.com\/wp-content\/uploads\/2020\/12\/Jacquier-nature-979x1024.jpg 979w, https:\/\/v2.ecoidees.com\/wp-content\/uploads\/2020\/12\/Jacquier-nature-1468x1536.jpg 1468w, https:\/\/v2.ecoidees.com\/wp-content\/uploads\/2020\/12\/Jacquier-nature-1958x2048.jpg 1958w\" sizes=\"(max-width: 768px) 100vw, 768px\" \/>\t\t\t\t\t\t\t\t<\/a><\/p>\n<p style=\"margin-bottom: 12px; font-family: f-fin, Verdana, Tahoma, Arial, sans-serif; font-size: 21px; color: #000000; font-style: normal; font-variant-ligatures: normal; font-variant-caps: normal; font-weight: 400;\"><strong style=\"font-family: f-fin, Verdana, Tahoma, Arial, sans-serif; font-size: 21px;\">Le jacquier nature Bio-\u00e9quitable<\/strong><\/p>\n<p style=\"margin-bottom: 12px; font-family: f-fin, Verdana, Tahoma, Arial, sans-serif; font-size: 21px; color: #000000; font-style: normal; font-variant-ligatures: normal; font-variant-caps: normal; font-weight: 400;\">La chair du jacquier a une saveur plut\u00f4t neutre et d\u00e9licate. Elle se cuisine habituellement comme du tofu. En remplacement de la viande, elle s\u2019adaptera parfaitement au grill et aux plats \u00e9pic\u00e9s et en sauce.<\/p>\n<figure>\n\t\t\t\t\t\t\t\t\t\t<img decoding=\"async\" width=\"300\" height=\"91\" src=\"https:\/\/v2.ecoidees.com\/wp-content\/uploads\/2021\/01\/logobp-300x91.jpg\" alt=\"\" loading=\"lazy\" srcset=\"https:\/\/v2.ecoidees.com\/wp-content\/uploads\/2021\/01\/logobp-300x91.jpg 300w, https:\/\/v2.ecoidees.com\/wp-content\/uploads\/2021\/01\/logobp.jpg 446w\" sizes=\"(max-width: 300px) 100vw, 300px\" \/><figcaption><\/figcaption><\/figure>\n<p>Plus d\u2019informations sur la fili\u00e8re \u00e9quitable labellis\u00e9e BIOPARTENAIRE\u00ae sur : <a href=\"https:\/\/www.biopartenaire.com\/\">www.BIOPARTENAIRE.com<\/a><\/p>\n<p>\t\t\t\t\t\t\t\t\t\t<img decoding=\"async\" width=\"640\" height=\"426\" src=\"https:\/\/v2.ecoidees.com\/wp-content\/uploads\/2020\/12\/man-4586576_640.jpg\" alt=\"Photos et vid\u00e9os de voyages\" loading=\"lazy\" srcset=\"https:\/\/v2.ecoidees.com\/wp-content\/uploads\/2020\/12\/man-4586576_640.jpg 640w, https:\/\/v2.ecoidees.com\/wp-content\/uploads\/2020\/12\/man-4586576_640-300x200.jpg 300w\" sizes=\"(max-width: 640px) 100vw, 640px\" \/>\t\t\t\t\t\t\t\t\t\t\t<\/p>\n<h2>Photos et vid\u00e9os du produit<\/h2>\n<p>\t\t\t\t\t\t\t\t\t\t<img decoding=\"async\" width=\"640\" height=\"425\" src=\"https:\/\/v2.ecoidees.com\/wp-content\/uploads\/2020\/12\/cocoa-452911_640.jpg\" alt=\"\" loading=\"lazy\" srcset=\"https:\/\/v2.ecoidees.com\/wp-content\/uploads\/2020\/12\/cocoa-452911_640.jpg 640w, https:\/\/v2.ecoidees.com\/wp-content\/uploads\/2020\/12\/cocoa-452911_640-300x199.jpg 300w\" sizes=\"(max-width: 640px) 100vw, 640px\" \/>\t\t\t\t\t\t\t\t\t\t\t<\/p>\n<h2>Notre fili\u00e8re<\/h2>\n<p>\t\t\t\t\t\t\t\t\t\t<img decoding=\"async\" width=\"640\" height=\"426\" src=\"https:\/\/v2.ecoidees.com\/wp-content\/uploads\/2020\/12\/food-3270461_640.jpg\" alt=\"\" loading=\"lazy\" srcset=\"https:\/\/v2.ecoidees.com\/wp-content\/uploads\/2020\/12\/food-3270461_640.jpg 640w, https:\/\/v2.ecoidees.com\/wp-content\/uploads\/2020\/12\/food-3270461_640-300x200.jpg 300w\" sizes=\"(max-width: 640px) 100vw, 640px\" \/>\t\t\t\t\t\t\t\t\t\t\t<\/p>\n<h2>Id\u00e9es recettes<\/h2>\n<p>\t\t\t\t\t\t\t\t\t\t\t<a href=\"https:\/\/www.lemondeestbio.com\/boutique\/liste_rayons.cfm\" target=\"_blank\" rel=\"noopener\"><br \/>\n\t\t\t\t\t\t\t<img decoding=\"async\" width=\"1024\" height=\"852\" src=\"https:\/\/v2.ecoidees.com\/wp-content\/uploads\/2021\/01\/bonhomme-blanc-3d-images-gratuites-18-1-1024x852.jpg\" alt=\"\" loading=\"lazy\" srcset=\"https:\/\/v2.ecoidees.com\/wp-content\/uploads\/2021\/01\/bonhomme-blanc-3d-images-gratuites-18-1-1024x852.jpg 1024w, https:\/\/v2.ecoidees.com\/wp-content\/uploads\/2021\/01\/bonhomme-blanc-3d-images-gratuites-18-1-300x250.jpg 300w, https:\/\/v2.ecoidees.com\/wp-content\/uploads\/2021\/01\/bonhomme-blanc-3d-images-gratuites-18-1-768x639.jpg 768w\" sizes=\"(max-width: 1024px) 100vw, 1024px\" \/>\t\t\t\t\t\t\t\t<\/a><\/p>\n<h2>Boutique<\/h2>\n","protected":false},"excerpt":{"rendered":"<p>Le jacquier nature Bio-\u00e9quitable La chair du jacquier a une saveur plut\u00f4t neutre et d\u00e9licate. Elle se cuisine habituellement comme du tofu. En remplacement de la viande, elle s\u2019adaptera parfaitement au grill et aux plats \u00e9pic\u00e9s et en sauce. Plus d\u2019informations sur la fili\u00e8re \u00e9quitable labellis\u00e9e BIOPARTENAIRE\u00ae sur : www.BIOPARTENAIRE.com Photos et vid\u00e9os du produit [&hellip;]<\/p>\n","protected":false},"author":1,"featured_media":0,"parent":0,"menu_order":0,"comment_status":"closed","ping_status":"closed","template":"","meta":{"ocean_post_layout":"","ocean_both_sidebars_style":"","ocean_both_sidebars_content_width":0,"ocean_both_sidebars_sidebars_width":0,"ocean_sidebar":"0","ocean_second_sidebar":"0","ocean_disable_margins":"enable","ocean_add_body_class":"","ocean_shortcode_before_top_bar":"","ocean_shortcode_after_top_bar":"","ocean_shortcode_before_header":"","ocean_shortcode_after_header":"","ocean_has_shortcode":"","ocean_shortcode_after_title":"","ocean_shortcode_before_footer_widgets":"","ocean_shortcode_after_footer_widgets":"","ocean_shortcode_before_footer_bottom":"","ocean_shortcode_after_footer_bottom":"","ocean_display_top_bar":"default","ocean_display_header":"default","ocean_header_style":"","ocean_center_header_left_menu":"0","ocean_custom_header_template":"0","ocean_custom_logo":0,"ocean_custom_retina_logo":0,"ocean_custom_logo_max_width":0,"ocean_custom_logo_tablet_max_width":0,"ocean_custom_logo_mobile_max_width":0,"ocean_custom_logo_max_height":0,"ocean_custom_logo_tablet_max_height":0,"ocean_custom_logo_mobile_max_height":0,"ocean_header_custom_menu":"0","ocean_menu_typo_font_family":"0","ocean_menu_typo_font_subset":"","ocean_menu_typo_font_size":0,"ocean_menu_typo_font_size_tablet":0,"ocean_menu_typo_font_size_mobile":0,"ocean_menu_typo_font_size_unit":"px","ocean_menu_typo_font_weight":"","ocean_menu_typo_font_weight_tablet":"","ocean_menu_typo_font_weight_mobile":"","ocean_menu_typo_transform":"","ocean_menu_typo_transform_tablet":"","ocean_menu_typo_transform_mobile":"","ocean_menu_typo_line_height":0,"ocean_menu_typo_line_height_tablet":0,"ocean_menu_typo_line_height_mobile":0,"ocean_menu_typo_line_height_unit":"","ocean_menu_typo_spacing":0,"ocean_menu_typo_spacing_tablet":0,"ocean_menu_typo_spacing_mobile":0,"ocean_menu_typo_spacing_unit":"","ocean_menu_link_color":"","ocean_menu_link_color_hover":"","ocean_menu_link_color_active":"","ocean_menu_link_background":"","ocean_menu_link_hover_background":"","ocean_menu_link_active_background":"","ocean_menu_social_links_bg":"","ocean_menu_social_hover_links_bg":"","ocean_menu_social_links_color":"","ocean_menu_social_hover_links_color":"","ocean_disable_title":"default","ocean_disable_heading":"default","ocean_post_title":"","ocean_post_subheading":"","ocean_post_title_style":"","ocean_post_title_background_color":"","ocean_post_title_background":0,"ocean_post_title_bg_image_position":"","ocean_post_title_bg_image_attachment":"","ocean_post_title_bg_image_repeat":"","ocean_post_title_bg_image_size":"","ocean_post_title_height":0,"ocean_post_title_bg_overlay":0.5,"ocean_post_title_bg_overlay_color":"","ocean_disable_breadcrumbs":"default","ocean_breadcrumbs_color":"","ocean_breadcrumbs_separator_color":"","ocean_breadcrumbs_links_color":"","ocean_breadcrumbs_links_hover_color":"","ocean_display_footer_widgets":"default","ocean_display_footer_bottom":"default","ocean_custom_footer_template":"0","footnotes":""},"_links":{"self":[{"href":"https:\/\/v2.ecoidees.com\/index.php\/wp-json\/wp\/v2\/pages\/870"}],"collection":[{"href":"https:\/\/v2.ecoidees.com\/index.php\/wp-json\/wp\/v2\/pages"}],"about":[{"href":"https:\/\/v2.ecoidees.com\/index.php\/wp-json\/wp\/v2\/types\/page"}],"author":[{"embeddable":true,"href":"https:\/\/v2.ecoidees.com\/index.php\/wp-json\/wp\/v2\/users\/1"}],"replies":[{"embeddable":true,"href":"https:\/\/v2.ecoidees.com\/index.php\/wp-json\/wp\/v2\/comments?post=870"}],"version-history":[{"count":59,"href":"https:\/\/v2.ecoidees.com\/index.php\/wp-json\/wp\/v2\/pages\/870\/revisions"}],"predecessor-version":[{"id":1131,"href":"https:\/\/v2.ecoidees.com\/index.php\/wp-json\/wp\/v2\/pages\/870\/revisions\/1131"}],"wp:attachment":[{"href":"https:\/\/v2.ecoidees.com\/index.php\/wp-json\/wp\/v2\/media?parent=870"}],"curies":[{"name":"wp","href":"https:\/\/api.w.org\/{rel}","templated":true}]}}