{"id":355,"date":"2016-09-24T14:40:14","date_gmt":"2016-09-24T14:40:14","guid":{"rendered":"http:\/\/fitness2.mythemecloud.io\/?page_id=355"},"modified":"2020-12-10T09:54:56","modified_gmt":"2020-12-10T09:54:56","slug":"home","status":"publish","type":"page","link":"https:\/\/v2.ecoidees.com\/","title":{"rendered":"Home"},"content":{"rendered":"<h2>BIOLOGIQUE<\/h2>\n<h2>SOLIDAIRE<\/h2>\n<h2>RESPONSABLE<\/h2>\n<h2>EQUITABLE<\/h2>\n<figure class='gallery-item'>\n\t\t\t\t<a data-elementor-open-lightbox=\"yes\" data-elementor-lightbox-slideshow=\"b0092d8\" data-elementor-lightbox-title=\"b-21\" href='https:\/\/v2.ecoidees.com\/wp-content\/uploads\/2020\/11\/b-21.jpg'><img decoding=\"async\" width=\"150\" height=\"150\" src=\"https:\/\/v2.ecoidees.com\/wp-content\/uploads\/2020\/11\/b-21-150x150.jpg\" alt=\"\" loading=\"lazy\" \/><\/a><br \/>\n\t\t\t<\/figure>\n<figure class='gallery-item'>\n\t\t\t\t<a data-elementor-open-lightbox=\"yes\" data-elementor-lightbox-slideshow=\"b0092d8\" data-elementor-lightbox-title=\"bandeau2 test\" href='https:\/\/v2.ecoidees.com\/wp-content\/uploads\/2020\/11\/bandeau2-test.png'><img decoding=\"async\" width=\"150\" height=\"150\" src=\"https:\/\/v2.ecoidees.com\/wp-content\/uploads\/2020\/11\/bandeau2-test-150x150.png\" alt=\"\" loading=\"lazy\" \/><\/a><br \/>\n\t\t\t<\/figure>\n<figure class='gallery-item'>\n\t\t\t\t<a data-elementor-open-lightbox=\"yes\" data-elementor-lightbox-slideshow=\"b0092d8\" data-elementor-lightbox-title=\"bandeau1 test\" href='https:\/\/v2.ecoidees.com\/wp-content\/uploads\/2020\/11\/bandeau1-test.png'><img decoding=\"async\" width=\"150\" height=\"150\" src=\"https:\/\/v2.ecoidees.com\/wp-content\/uploads\/2020\/11\/bandeau1-test-150x150.png\" alt=\"\" loading=\"lazy\" \/><\/a><br \/>\n\t\t\t<\/figure>\n<figure class='gallery-item'>\n\t\t\t\t<a data-elementor-open-lightbox=\"yes\" data-elementor-lightbox-slideshow=\"b0092d8\" data-elementor-lightbox-title=\"AcroRd32_CBBMvo1pK7\" href='https:\/\/v2.ecoidees.com\/wp-content\/uploads\/2020\/12\/AcroRd32_CBBMvo1pK7.png'><img decoding=\"async\" width=\"150\" height=\"150\" src=\"https:\/\/v2.ecoidees.com\/wp-content\/uploads\/2020\/12\/AcroRd32_CBBMvo1pK7-150x150.png\" alt=\"\" loading=\"lazy\" \/><\/a><br \/>\n\t\t\t<\/figure>\n<p style=\"text-align: center;\">Fond\u00e9e en 2002, \u00c9coid\u00e9es est un distributeur de r\u00e9f\u00e9rences incontournables du r\u00e9seau de magasins sp\u00e9cialis\u00e9s bio. \u00c9coid\u00e9es est une ENTREPRISE FAMILIALE INDEPENDANTE de 21 collaborateurs. \u00c9coid\u00e9es privil\u00e9gie les fili\u00e8res de PETITS PRODUCTEURS, d\u00e9veloppe ses propres projets \u00abBio &amp; Equitable\u00bb et\/ou collabore dans la dur\u00e9e avec des porteurs de projets attest\u00e9s \u00abBio &amp; Equitable\u00bb.<\/p>\n","protected":false},"excerpt":{"rendered":"<p>BIOLOGIQUE SOLIDAIRE RESPONSABLE EQUITABLE Fond\u00e9e en 2002, \u00c9coid\u00e9es est un distributeur de r\u00e9f\u00e9rences incontournables du r\u00e9seau de magasins sp\u00e9cialis\u00e9s bio. \u00c9coid\u00e9es est une ENTREPRISE FAMILIALE INDEPENDANTE de 21 collaborateurs. \u00c9coid\u00e9es privil\u00e9gie les fili\u00e8res de PETITS PRODUCTEURS, d\u00e9veloppe ses propres projets \u00abBio &amp; Equitable\u00bb et\/ou collabore dans la dur\u00e9e avec des porteurs de projets attest\u00e9s \u00abBio [&hellip;]<\/p>\n","protected":false},"author":1,"featured_media":0,"parent":0,"menu_order":0,"comment_status":"closed","ping_status":"closed","template":"","meta":{"ocean_post_layout":"full-screen","ocean_both_sidebars_style":"","ocean_both_sidebars_content_width":0,"ocean_both_sidebars_sidebars_width":0,"ocean_sidebar":"","ocean_second_sidebar":"","ocean_disable_margins":"on","ocean_add_body_class":"","ocean_shortcode_before_top_bar":"","ocean_shortcode_after_top_bar":"","ocean_shortcode_before_header":"","ocean_shortcode_after_header":"","ocean_has_shortcode":"","ocean_shortcode_after_title":"","ocean_shortcode_before_footer_widgets":"","ocean_shortcode_after_footer_widgets":"","ocean_shortcode_before_footer_bottom":"","ocean_shortcode_after_footer_bottom":"","ocean_display_top_bar":"default","ocean_display_header":"default","ocean_header_style":"","ocean_center_header_left_menu":"","ocean_custom_header_template":"","ocean_custom_logo":0,"ocean_custom_retina_logo":0,"ocean_custom_logo_max_width":0,"ocean_custom_logo_tablet_max_width":0,"ocean_custom_logo_mobile_max_width":0,"ocean_custom_logo_max_height":0,"ocean_custom_logo_tablet_max_height":0,"ocean_custom_logo_mobile_max_height":0,"ocean_header_custom_menu":"","ocean_menu_typo_font_family":"","ocean_menu_typo_font_subset":"","ocean_menu_typo_font_size":0,"ocean_menu_typo_font_size_tablet":0,"ocean_menu_typo_font_size_mobile":0,"ocean_menu_typo_font_size_unit":"px","ocean_menu_typo_font_weight":"","ocean_menu_typo_font_weight_tablet":"","ocean_menu_typo_font_weight_mobile":"","ocean_menu_typo_transform":"","ocean_menu_typo_transform_tablet":"","ocean_menu_typo_transform_mobile":"","ocean_menu_typo_line_height":0,"ocean_menu_typo_line_height_tablet":0,"ocean_menu_typo_line_height_mobile":0,"ocean_menu_typo_line_height_unit":"","ocean_menu_typo_spacing":0,"ocean_menu_typo_spacing_tablet":0,"ocean_menu_typo_spacing_mobile":0,"ocean_menu_typo_spacing_unit":"","ocean_menu_link_color":"","ocean_menu_link_color_hover":"","ocean_menu_link_color_active":"","ocean_menu_link_background":"","ocean_menu_link_hover_background":"","ocean_menu_link_active_background":"","ocean_menu_social_links_bg":"","ocean_menu_social_hover_links_bg":"","ocean_menu_social_links_color":"","ocean_menu_social_hover_links_color":"","ocean_disable_title":"on","ocean_disable_heading":"default","ocean_post_title":"","ocean_post_subheading":"","ocean_post_title_style":"","ocean_post_title_background_color":"","ocean_post_title_background":0,"ocean_post_title_bg_image_position":"","ocean_post_title_bg_image_attachment":"","ocean_post_title_bg_image_repeat":"","ocean_post_title_bg_image_size":"","ocean_post_title_height":0,"ocean_post_title_bg_overlay":0.5,"ocean_post_title_bg_overlay_color":"","ocean_disable_breadcrumbs":"default","ocean_breadcrumbs_color":"","ocean_breadcrumbs_separator_color":"","ocean_breadcrumbs_links_color":"","ocean_breadcrumbs_links_hover_color":"","ocean_display_footer_widgets":"default","ocean_display_footer_bottom":"default","ocean_custom_footer_template":"","footnotes":""},"_links":{"self":[{"href":"https:\/\/v2.ecoidees.com\/index.php\/wp-json\/wp\/v2\/pages\/355"}],"collection":[{"href":"https:\/\/v2.ecoidees.com\/index.php\/wp-json\/wp\/v2\/pages"}],"about":[{"href":"https:\/\/v2.ecoidees.com\/index.php\/wp-json\/wp\/v2\/types\/page"}],"author":[{"embeddable":true,"href":"https:\/\/v2.ecoidees.com\/index.php\/wp-json\/wp\/v2\/users\/1"}],"replies":[{"embeddable":true,"href":"https:\/\/v2.ecoidees.com\/index.php\/wp-json\/wp\/v2\/comments?post=355"}],"version-history":[{"count":45,"href":"https:\/\/v2.ecoidees.com\/index.php\/wp-json\/wp\/v2\/pages\/355\/revisions"}],"predecessor-version":[{"id":1107,"href":"https:\/\/v2.ecoidees.com\/index.php\/wp-json\/wp\/v2\/pages\/355\/revisions\/1107"}],"wp:attachment":[{"href":"https:\/\/v2.ecoidees.com\/index.php\/wp-json\/wp\/v2\/media?parent=355"}],"curies":[{"name":"wp","href":"https:\/\/api.w.org\/{rel}","templated":true}]}}